{"id":108,"date":"2012-12-26T12:50:01","date_gmt":"2012-12-26T10:50:01","guid":{"rendered":"http:\/\/www.calculare.eu\/wordpress\/?page_id=108"},"modified":"2025-06-02T17:22:30","modified_gmt":"2025-06-02T15:22:30","slug":"buchhaltung-2","status":"publish","type":"page","link":"https:\/\/www.calculare.eu\/?page_id=108","title":{"rendered":"Buchhaltung"},"content":{"rendered":"<p>&nbsp;<\/p>\n<p><span style=\"color: #e5cf29;\"><strong>Finanzbuchhaltung<\/strong><\/span><\/p>\n<p style=\"text-align: justify;\">Wir k\u00fcmmern uns um Ihre laufende Finanzbuchhaltung,\u00a0damit Sie sich um Ihr Kerngesch\u00e4ft k\u00fcmmern k\u00f6nnen.<\/p>\n<p><span style=\"color: #e5cf29;\"><strong>Portfolio<\/strong><\/span><\/p>\n<ul>\n<li>Kontierung und Buchung Ihrer lfd. Gesch\u00e4ftsvorf\u00e4lle mit Hilfe der EDV-Programme: Datev, Lexware<\/li>\n<li>Erstellung der entsprechenden Auswertungen wie\u00a0Summen- und Saldenlisten, betiebswirtschaftliche\u00a0Auswertungen, OPOS Listen etc.<\/li>\n<li>Debitoren-\/Kreditorenbuchhaltung<\/li>\n<li>Zahlungsverkehr<\/li>\n<\/ul>\n","protected":false},"excerpt":{"rendered":"<p>&nbsp; Finanzbuchhaltung Wir k\u00fcmmern uns um Ihre laufende Finanzbuchhaltung,\u00a0damit Sie sich um Ihr Kerngesch\u00e4ft k\u00fcmmern k\u00f6nnen. Portfolio Kontierung und Buchung Ihrer lfd. Gesch\u00e4ftsvorf\u00e4lle mit Hilfe der EDV-Programme: Datev, Lexware Erstellung der entsprechenden Auswertungen wie\u00a0Summen- und Saldenlisten, betiebswirtschaftliche\u00a0Auswertungen, OPOS Listen etc. Debitoren-\/Kreditorenbuchhaltung Zahlungsverkehr<\/p>\n","protected":false},"author":1,"featured_media":0,"parent":0,"menu_order":0,"comment_status":"closed","ping_status":"closed","template":"","meta":{"footnotes":""},"class_list":["post-108","page","type-page","status-publish","hentry"],"_links":{"self":[{"href":"https:\/\/www.calculare.eu\/index.php?rest_route=\/wp\/v2\/pages\/108","targetHints":{"allow":["GET"]}}],"collection":[{"href":"https:\/\/www.calculare.eu\/index.php?rest_route=\/wp\/v2\/pages"}],"about":[{"href":"https:\/\/www.calculare.eu\/index.php?rest_route=\/wp\/v2\/types\/page"}],"author":[{"embeddable":true,"href":"https:\/\/www.calculare.eu\/index.php?rest_route=\/wp\/v2\/users\/1"}],"replies":[{"embeddable":true,"href":"https:\/\/www.calculare.eu\/index.php?rest_route=%2Fwp%2Fv2%2Fcomments&post=108"}],"version-history":[{"count":8,"href":"https:\/\/www.calculare.eu\/index.php?rest_route=\/wp\/v2\/pages\/108\/revisions"}],"predecessor-version":[{"id":447,"href":"https:\/\/www.calculare.eu\/index.php?rest_route=\/wp\/v2\/pages\/108\/revisions\/447"}],"wp:attachment":[{"href":"https:\/\/www.calculare.eu\/index.php?rest_route=%2Fwp%2Fv2%2Fmedia&parent=108"}],"curies":[{"name":"wp","href":"https:\/\/api.w.org\/{rel}","templated":true}]}}