{"id":124,"date":"2012-12-26T13:15:42","date_gmt":"2012-12-26T11:15:42","guid":{"rendered":"http:\/\/www.calculare.eu\/wordpress\/?page_id=124"},"modified":"2016-01-03T17:29:30","modified_gmt":"2016-01-03T15:29:30","slug":"interim-2","status":"publish","type":"page","link":"https:\/\/www.calculare.eu\/?page_id=124","title":{"rendered":"Interim"},"content":{"rendered":"<p>&nbsp;<\/p>\n<p><span style=\"color: #e5cf29;\"><strong>Interimsmanagement<\/strong><\/span><\/p>\n<p><em>Wir unterst\u00fctzen Sie:<\/em><\/p>\n<ul>\n<li>Beim Aufbau einer Buchhaltungs- und\/oder Personalabteilung<\/li>\n<li>Prozessgestaltung, Einf\u00fchrung, Beratung und Optimierung f\u00fcr\u00a0Buchhaltungs-\/ Lohnbuchhaltungssysteme<\/li>\n<li>Unterst\u00fctzung bei Krankheitsf\u00e4llen sowie Urlaubsvertretung<\/li>\n<li>Betreuung und Unterst\u00fctzung in \u00dcbergangszeiten bis zur Neubesetzung einer Stelle<\/li>\n<\/ul>\n","protected":false},"excerpt":{"rendered":"<p>&nbsp; Interimsmanagement Wir unterst\u00fctzen Sie: Beim Aufbau einer Buchhaltungs- und\/oder Personalabteilung Prozessgestaltung, Einf\u00fchrung, Beratung und Optimierung f\u00fcr\u00a0Buchhaltungs-\/ Lohnbuchhaltungssysteme Unterst\u00fctzung bei Krankheitsf\u00e4llen sowie Urlaubsvertretung Betreuung und Unterst\u00fctzung in \u00dcbergangszeiten bis zur Neubesetzung einer Stelle<\/p>\n","protected":false},"author":1,"featured_media":0,"parent":0,"menu_order":0,"comment_status":"closed","ping_status":"closed","template":"","meta":{"footnotes":""},"class_list":["post-124","page","type-page","status-publish","hentry"],"_links":{"self":[{"href":"https:\/\/www.calculare.eu\/index.php?rest_route=\/wp\/v2\/pages\/124","targetHints":{"allow":["GET"]}}],"collection":[{"href":"https:\/\/www.calculare.eu\/index.php?rest_route=\/wp\/v2\/pages"}],"about":[{"href":"https:\/\/www.calculare.eu\/index.php?rest_route=\/wp\/v2\/types\/page"}],"author":[{"embeddable":true,"href":"https:\/\/www.calculare.eu\/index.php?rest_route=\/wp\/v2\/users\/1"}],"replies":[{"embeddable":true,"href":"https:\/\/www.calculare.eu\/index.php?rest_route=%2Fwp%2Fv2%2Fcomments&post=124"}],"version-history":[{"count":9,"href":"https:\/\/www.calculare.eu\/index.php?rest_route=\/wp\/v2\/pages\/124\/revisions"}],"predecessor-version":[{"id":290,"href":"https:\/\/www.calculare.eu\/index.php?rest_route=\/wp\/v2\/pages\/124\/revisions\/290"}],"wp:attachment":[{"href":"https:\/\/www.calculare.eu\/index.php?rest_route=%2Fwp%2Fv2%2Fmedia&parent=124"}],"curies":[{"name":"wp","href":"https:\/\/api.w.org\/{rel}","templated":true}]}}