{"id":26,"date":"2012-12-18T20:13:44","date_gmt":"2012-12-18T18:13:44","guid":{"rendered":"http:\/\/www.calculare.eu\/wordpress\/?page_id=26"},"modified":"2016-01-03T18:05:54","modified_gmt":"2016-01-03T16:05:54","slug":"uber-uns","status":"publish","type":"page","link":"https:\/\/www.calculare.eu\/?page_id=26","title":{"rendered":"\u00dcber uns"},"content":{"rendered":"<p style=\"text-align: left;\"><a href=\"https:\/\/www.calculare.eu\/?attachment_id=299\" rel=\"attachment wp-att-299\"><img loading=\"lazy\" decoding=\"async\" class=\" wp-image-299 alignnone\" src=\"https:\/\/www.calculare.eu\/wp-content\/uploads\/2016\/01\/Birgit_SW-225x300.jpg\" alt=\"Birgit_SW\" width=\"153\" height=\"204\" srcset=\"https:\/\/www.calculare.eu\/wp-content\/uploads\/2016\/01\/Birgit_SW-225x300.jpg 225w, https:\/\/www.calculare.eu\/wp-content\/uploads\/2016\/01\/Birgit_SW-768x1022.jpg 768w, https:\/\/www.calculare.eu\/wp-content\/uploads\/2016\/01\/Birgit_SW-769x1024.jpg 769w, https:\/\/www.calculare.eu\/wp-content\/uploads\/2016\/01\/Birgit_SW.jpg 996w\" sizes=\"auto, (max-width: 153px) 100vw, 153px\" \/><\/a><\/p>\n<p>&nbsp;<\/p>\n<p><span style=\"color: #e5cf29;\"><strong>Birgit Fichtner<\/strong><\/span><\/p>\n<p style=\"text-align: justify;\">Als Bilanzbuchhalterin mit mehr als 20 Jahren Erfahrung im Finanz- und Personalwesen in\u00a0internationalen Unternehmen, davon \u00fcber 7 Jahre in leitender Position, entlaste ich Sie, wenn f\u00fcr spezielle Aufgabenstellungen unternehmenseigenes Know-how fehlt,\u00a0personelle Engp\u00e4sse auftreten oder erh\u00f6hter Termindruck entsteht.<\/p>\n<p style=\"text-align: justify;\">Profitieren Sie von einer auf Ihre speziellen Bed\u00fcrfnisse zugeschnittenen Beratung sowie der kompetenten Umsetzung definierter Ziele.<\/p>\n<p style=\"text-align: justify;\">Gewinnen Sie wertvolle Arbeitszeit, um das Tagesgesch\u00e4ft zu erledigen und sich auf Ihre Kernkompetenz zu konzentrieren.<\/p>\n","protected":false},"excerpt":{"rendered":"<p>&nbsp; Birgit Fichtner Als Bilanzbuchhalterin mit mehr als 20 Jahren Erfahrung im Finanz- und Personalwesen in\u00a0internationalen Unternehmen, davon \u00fcber 7 Jahre in leitender Position, entlaste ich Sie, wenn f\u00fcr spezielle Aufgabenstellungen unternehmenseigenes Know-how fehlt,\u00a0personelle Engp\u00e4sse auftreten oder erh\u00f6hter Termindruck entsteht. Profitieren Sie von einer auf Ihre speziellen Bed\u00fcrfnisse zugeschnittenen Beratung sowie der kompetenten Umsetzung definierter &hellip; <\/p>\n<p class=\"link-more\"><a href=\"https:\/\/www.calculare.eu\/?page_id=26\" class=\"more-link\"><span class=\"screen-reader-text\">\u201e\u00dcber uns\u201c <\/span>weiterlesen<\/a><\/p>\n","protected":false},"author":1,"featured_media":0,"parent":85,"menu_order":0,"comment_status":"closed","ping_status":"closed","template":"","meta":{"footnotes":""},"class_list":["post-26","page","type-page","status-publish","hentry"],"_links":{"self":[{"href":"https:\/\/www.calculare.eu\/index.php?rest_route=\/wp\/v2\/pages\/26","targetHints":{"allow":["GET"]}}],"collection":[{"href":"https:\/\/www.calculare.eu\/index.php?rest_route=\/wp\/v2\/pages"}],"about":[{"href":"https:\/\/www.calculare.eu\/index.php?rest_route=\/wp\/v2\/types\/page"}],"author":[{"embeddable":true,"href":"https:\/\/www.calculare.eu\/index.php?rest_route=\/wp\/v2\/users\/1"}],"replies":[{"embeddable":true,"href":"https:\/\/www.calculare.eu\/index.php?rest_route=%2Fwp%2Fv2%2Fcomments&post=26"}],"version-history":[{"count":20,"href":"https:\/\/www.calculare.eu\/index.php?rest_route=\/wp\/v2\/pages\/26\/revisions"}],"predecessor-version":[{"id":300,"href":"https:\/\/www.calculare.eu\/index.php?rest_route=\/wp\/v2\/pages\/26\/revisions\/300"}],"up":[{"embeddable":true,"href":"https:\/\/www.calculare.eu\/index.php?rest_route=\/wp\/v2\/pages\/85"}],"wp:attachment":[{"href":"https:\/\/www.calculare.eu\/index.php?rest_route=%2Fwp%2Fv2%2Fmedia&parent=26"}],"curies":[{"name":"wp","href":"https:\/\/api.w.org\/{rel}","templated":true}]}}